{"id":7,"date":"2016-10-01T22:39:06","date_gmt":"2016-10-01T20:39:06","guid":{"rendered":"http:\/\/sk4kr.se\/?page_id=7"},"modified":"2019-12-30T23:02:08","modified_gmt":"2019-12-30T22:02:08","slug":"repeatern","status":"publish","type":"page","link":"http:\/\/sk4kr.se\/index.php\/repeatern\/","title":{"rendered":"Repeatern"},"content":{"rendered":"<p>Klubbens repeater SK4RKD finns p\u00e5 145,750 MHz. Den k\u00f6r p\u00e5 FM och DMR. F\u00f6r FM trafik anv\u00e4nder vi subton p\u00e5 74,4 Hz.<\/p>\n<p>Den som s\u00e4nder FM och har en gammal apparat b\u00f6r t\u00e4nka p\u00e5 att prata lite l\u00e4ngre fr\u00e5n mikrofonen f\u00f6r att inte \u00f6verstyra repeatern. Ni som har &#8221;moderna&#8221; apparater, D.v.s. n\u00e5got nyare \u00e4n ca 10 \u00e5r, b\u00f6r st\u00e4lla om till smalbandig FM om ni inte redan gjort det.<\/p>\n\n\n<p> I DMR-l\u00e4ge anv\u00e4nds TimeSlot 2 f\u00f6r lokal och regional trafik p\u00e5 talgrupperna 9 och 2404.TimeSlot 1 anv\u00e4nds f\u00f6r allt annat, detta f\u00f6r att inte blockera repeatern f\u00f6r lokal trafik. De  talgrupper som st\u00e4ndigt ligger \u00f6ppna \u00e4r 240 (hela Sverige), 2403, 2405,  2406, 2407 (SM3, SM5, SM6 och SM7) och 2411 (chat-talgrupp). <br> Vill man anv\u00e4nda n\u00e5gon annan talgrupp \u00e4r det bara att knappa in den i  sin radio, och trycka PTT en kort stund. D\u00e5 \u00f6ppnar repeatern upp den  talgruppen, och den ligger \u00f6ppen ca 10 minuter efter sista s\u00e4ndning. <\/p>\n","protected":false},"excerpt":{"rendered":"<p>Klubbens repeater SK4RKD finns p\u00e5 145,750 MHz. Den k\u00f6r p\u00e5 FM och DMR. F\u00f6r FM trafik anv\u00e4nder vi subton p\u00e5 74,4 Hz. Den som s\u00e4nder FM och har en gammal apparat b\u00f6r t\u00e4nka p\u00e5 att prata lite l\u00e4ngre fr\u00e5n mikrofonen&#8230;<br \/><a class=\"read-more-button\" href=\"http:\/\/sk4kr.se\/index.php\/repeatern\/\">Read more<\/a><\/p>\n","protected":false},"author":1,"featured_media":0,"parent":0,"menu_order":0,"comment_status":"closed","ping_status":"closed","template":"","meta":{"footnotes":""},"class_list":["post-7","page","type-page","status-publish","hentry"],"_links":{"self":[{"href":"http:\/\/sk4kr.se\/index.php\/wp-json\/wp\/v2\/pages\/7","targetHints":{"allow":["GET"]}}],"collection":[{"href":"http:\/\/sk4kr.se\/index.php\/wp-json\/wp\/v2\/pages"}],"about":[{"href":"http:\/\/sk4kr.se\/index.php\/wp-json\/wp\/v2\/types\/page"}],"author":[{"embeddable":true,"href":"http:\/\/sk4kr.se\/index.php\/wp-json\/wp\/v2\/users\/1"}],"replies":[{"embeddable":true,"href":"http:\/\/sk4kr.se\/index.php\/wp-json\/wp\/v2\/comments?post=7"}],"version-history":[{"count":8,"href":"http:\/\/sk4kr.se\/index.php\/wp-json\/wp\/v2\/pages\/7\/revisions"}],"predecessor-version":[{"id":456,"href":"http:\/\/sk4kr.se\/index.php\/wp-json\/wp\/v2\/pages\/7\/revisions\/456"}],"wp:attachment":[{"href":"http:\/\/sk4kr.se\/index.php\/wp-json\/wp\/v2\/media?parent=7"}],"curies":[{"name":"wp","href":"https:\/\/api.w.org\/{rel}","templated":true}]}}